{"id":4405,"date":"2020-04-30T22:38:21","date_gmt":"2020-04-30T20:38:21","guid":{"rendered":"https:\/\/www.axon-mcs.de\/company\/partner-of-axon-services-gmbh\/kitamura\/"},"modified":"2026-03-24T11:33:25","modified_gmt":"2026-03-24T10:33:25","slug":"kitamura","status":"publish","type":"page","link":"https:\/\/www.axon-mcs.de\/en\/company\/partner-of-axon-services-gmbh\/kitamura\/","title":{"rendered":"Kitamura"},"content":{"rendered":"<div   class='avia-fullscreen-slider main_color   avia-builder-el-0  el_before_av_one_full  avia-builder-el-first  av-full-slider-custom-size container_wrap sidebar_right'  ><div  class='avia-slideshow av-k5p5xbbf-0a59ef9d041c25f2120b68b2ef616b18 avia-slideshow-no scaling av_fullscreen avia-slide-slider av-full-slider-custom-size av-slideshow-ui av-control-default av-slideshow-manual av-loop-once av-loop-manual-endless av-default-height-applied   avia-slideshow-1' data-slideshow-options=\"{&quot;animation&quot;:&quot;slide&quot;,&quot;autoplay&quot;:false,&quot;loop_autoplay&quot;:&quot;once&quot;,&quot;interval&quot;:5,&quot;loop_manual&quot;:&quot;manual-endless&quot;,&quot;autoplay_stopper&quot;:false,&quot;noNavigation&quot;:false,&quot;bg_slider&quot;:true,&quot;keep_padding&quot;:false,&quot;hoverpause&quot;:false,&quot;show_slide_delay&quot;:0,&quot;slide_height&quot;:&quot;100&quot;,&quot;image_attachment&quot;:&quot;&quot;}\"  itemprop=\"image\" itemscope=\"itemscope\" itemtype=\"https:\/\/schema.org\/ImageObject\" ><ul class='avia-slideshow-inner ' style='padding-bottom: 56.25%;'><li style='background-position:center center;' data-img-url='https:\/\/www.axon-mcs.de\/wp-content\/uploads\/2024\/09\/VMC_Vorfuehrzentrum_Neu_konvertiert-Kopie-scaled.jpg' class='avia-slideshow-slide av-k5p5xbbf-0a59ef9d041c25f2120b68b2ef616b18__0  av-single-slide slide-1 slide-odd'><div data-rel='slideshow-1' class='avia-slide-wrap '   ><\/div><\/li><\/ul><\/div><\/div><div id='after_full_slider_1'  class='main_color av_default_container_wrap container_wrap sidebar_right'  ><div class='container av-section-cont-open' ><div class='template-page content  av-content-small alpha units'><div class='post-entry post-entry-type-page post-entry-4405'><div class='entry-content-wrapper clearfix'>\n\n<style type=\"text\/css\" data-created_by=\"avia_inline_auto\" id=\"style-css-av-2rsj5-7269efaca90a2fc192f68095b31f399f\">\n.flex_column.av-2rsj5-7269efaca90a2fc192f68095b31f399f{\nborder-radius:0px 0px 0px 0px;\npadding:0px 0px 0px 0px;\n}\n<\/style>\n<div  class='flex_column av-2rsj5-7269efaca90a2fc192f68095b31f399f av_one_full  avia-builder-el-1  el_after_av_fullscreen  el_before_av_one_half  avia-builder-el-first  first flex_column_div av-zero-column-padding  '     ><p>\n<style type=\"text\/css\" data-created_by=\"avia_inline_auto\" id=\"style-css-av-311kqk-db424a4e49c5d35b0d7247e4888802ae\">\n#top .av-special-heading.av-311kqk-db424a4e49c5d35b0d7247e4888802ae{\npadding-bottom:10px;\n}\nbody .av-special-heading.av-311kqk-db424a4e49c5d35b0d7247e4888802ae .av-special-heading-tag .heading-char{\nfont-size:25px;\n}\n.av-special-heading.av-311kqk-db424a4e49c5d35b0d7247e4888802ae .av-subheading{\nfont-size:15px;\n}\n<\/style>\n<div  class='av-special-heading av-311kqk-db424a4e49c5d35b0d7247e4888802ae av-special-heading-h1  avia-builder-el-2  el_before_av_image  avia-builder-el-first '><h1 class='av-special-heading-tag '  itemprop=\"headline\"  > About Kitamura<\/h1><div class=\"special-heading-border\"><div class=\"special-heading-inner-border\"><\/div><\/div><\/div><br \/>\n\n<style type=\"text\/css\" data-created_by=\"avia_inline_auto\" id=\"style-css-av-k9n88an0-31fb331e4d45d7d468f59abe3af7367c\">\n.avia-image-container.av-k9n88an0-31fb331e4d45d7d468f59abe3af7367c img.avia_image{\nbox-shadow:none;\n}\n.avia-image-container.av-k9n88an0-31fb331e4d45d7d468f59abe3af7367c .av-image-caption-overlay-center{\ncolor:#ffffff;\n}\n<\/style>\n<div  class='avia-image-container av-k9n88an0-31fb331e4d45d7d468f59abe3af7367c av-styling- avia-align-center  avia-builder-el-3  el_after_av_heading  el_before_av_textblock '   itemprop=\"image\" itemscope=\"itemscope\" itemtype=\"https:\/\/schema.org\/ImageObject\" ><div class=\"avia-image-container-inner\"><div class=\"avia-image-overlay-wrap\"><img decoding=\"async\" fetchpriority=\"high\" class='wp-image-4350 avia-img-lazy-loading-not-4350 avia_image ' src=\"https:\/\/www.axon-mcs.de\/wp-content\/uploads\/2020\/04\/kitamura-US-logo-white.jpg\" alt='Kitamura US logo' title='Kitamura US logo white'  height=\"342\" width=\"1471\"  itemprop=\"thumbnailUrl\" srcset=\"https:\/\/www.axon-mcs.de\/wp-content\/uploads\/2020\/04\/kitamura-US-logo-white.jpg 1471w, https:\/\/www.axon-mcs.de\/wp-content\/uploads\/2020\/04\/kitamura-US-logo-white-480x112.jpg 480w, https:\/\/www.axon-mcs.de\/wp-content\/uploads\/2020\/04\/kitamura-US-logo-white-768x179.jpg 768w, https:\/\/www.axon-mcs.de\/wp-content\/uploads\/2020\/04\/kitamura-US-logo-white-705x164.jpg 705w\" sizes=\"(max-width: 1471px) 100vw, 1471px\" \/><\/div><\/div><\/div><br \/>\n<section  class='av_textblock_section av-29c6h-8842122443b102ab8441c85af54bf1b4 '   itemscope=\"itemscope\" itemtype=\"https:\/\/schema.org\/CreativeWork\" ><div class='avia_textblock'  itemprop=\"text\" ><p>For over 87 years, &#8220;Kitamura Machinery&#8221; has been designing, engineering, and manufacturing innovative, high-precision machining centers worldwide to meet the most demanding requirements of international manufacturers.<\/p>\n<p>Thanks to its many years of hands-on experience in the field of multi-spindle machining centers and the optimal use of innovations for your production, &#8220;Kitamura Machinery&#8221; offers a range of horizontal, vertical, and 5-axis machining centers. These reliable machining centers provide our customers with the competitive advantages they need\u2014maximum productivity, reduced scrap, long service life of the technology during demanding operations, and minimal tool change times. <\/p>\n<p>At &#8220;Kitamura Machinery&#8221;, the requirements and wishes of our customers in the USA and worldwide take center stage. We support and advise our customers throughout the entire process\u2014with qualified services related to the machines and situation-specific assistance. We meet all our commitments regarding quality, productivity, and pricing.<\/p>\n<\/div><\/section><\/p><\/div>\n<div class='flex_column_table av-1ke15-6e1f2abc7f753ad31b831c513b31c1c5 sc-av_one_half av-equal-height-column-flextable'>\n<style type=\"text\/css\" data-created_by=\"avia_inline_auto\" id=\"style-css-av-1ke15-6e1f2abc7f753ad31b831c513b31c1c5\">\n.flex_column.av-1ke15-6e1f2abc7f753ad31b831c513b31c1c5{\nborder-radius:0px 0px 0px 0px;\npadding:0px 0px 0px 0px;\n}\n<\/style>\n<div  class='flex_column av-1ke15-6e1f2abc7f753ad31b831c513b31c1c5 av_one_half  avia-builder-el-5  el_after_av_one_full  el_before_av_one_half  first flex_column_table_cell av-equal-height-column av-align-top av-zero-column-padding  column-top-margin'     ><div  class='avia-video av-k9n59llx-7665167a736ed167b001b262af7ca147 avia-video-16-9 av-no-preview-image avia-video-load-always av-lazyload-immediate av-lazyload-video-embed'  itemprop=\"video\" itemtype=\"https:\/\/schema.org\/VideoObject\"  data-original_url='https:\/\/youtu.be\/wgP9-ghlhmA'><script type='text\/html' class='av-video-tmpl'><div class='avia-iframe-wrap'><iframe loading=\"lazy\" title=\"Unser Partner f\u00fcr h\u00f6chste Anspr\u00fcche: Kitamura Corporate video\" width=\"1500\" height=\"844\" src=\"https:\/\/www.youtube.com\/embed\/wgP9-ghlhmA?feature=oembed&autoplay=0&loop=0&controls=1&mute=0\" frameborder=\"0\" allow=\"accelerometer; autoplay; clipboard-write; encrypted-media; gyroscope; picture-in-picture; web-share\" referrerpolicy=\"strict-origin-when-cross-origin\" allowfullscreen><\/iframe><\/div><\/script><div class='av-click-to-play-overlay'><div class=\"avia_playpause_icon\"><\/div><\/div><\/div><\/div>\n<div class='av-flex-placeholder'><\/div>\n<style type=\"text\/css\" data-created_by=\"avia_inline_auto\" id=\"style-css-av-1ke15-2-174d95addf2c77460304ebd3c1d6d45c\">\n.flex_column.av-1ke15-2-174d95addf2c77460304ebd3c1d6d45c{\nborder-radius:0px 0px 0px 0px;\npadding:0px 0px 0px 0px;\n}\n<\/style>\n<div  class='flex_column av-1ke15-2-174d95addf2c77460304ebd3c1d6d45c av_one_half  avia-builder-el-7  el_after_av_one_half  el_before_av_one_full  flex_column_table_cell av-equal-height-column av-align-top av-zero-column-padding  column-top-margin'     ><div  class='avia-video av-k9n5br3k-c73aaaa521e96c630add2bd656d541ef avia-video-16-9 av-no-preview-image avia-video-load-always av-lazyload-immediate av-lazyload-video-embed'  itemprop=\"video\" itemtype=\"https:\/\/schema.org\/VideoObject\"  data-original_url='https:\/\/youtu.be\/WWn_0DeQh84'><script type='text\/html' class='av-video-tmpl'><div class='avia-iframe-wrap'><iframe loading=\"lazy\" title=\"Axon: KITAMURA Brand Video\" width=\"1500\" height=\"844\" src=\"https:\/\/www.youtube.com\/embed\/WWn_0DeQh84?feature=oembed&autoplay=0&loop=0&controls=1&mute=0\" frameborder=\"0\" allow=\"accelerometer; autoplay; clipboard-write; encrypted-media; gyroscope; picture-in-picture; web-share\" referrerpolicy=\"strict-origin-when-cross-origin\" allowfullscreen><\/iframe><\/div><\/script><div class='av-click-to-play-overlay'><div class=\"avia_playpause_icon\"><\/div><\/div><\/div><\/div><\/div><!--close column table wrapper. Autoclose: 1 -->\n\n<style type=\"text\/css\" data-created_by=\"avia_inline_auto\" id=\"style-css-av-2pfvx-483aa750052a17e7063b82528fe2cdb3\">\n.flex_column.av-2pfvx-483aa750052a17e7063b82528fe2cdb3{\nborder-radius:0px 0px 0px 0px;\npadding:0px 0px 0px 0px;\n}\n<\/style>\n<div  class='flex_column av-2pfvx-483aa750052a17e7063b82528fe2cdb3 av_one_full  avia-builder-el-9  el_after_av_one_half  avia-builder-el-last  first flex_column_div av-zero-column-padding  column-top-margin'     ><section  class='av_textblock_section av-29c6h-3-d347070a21a7dc041d385c1627e17083 '   itemscope=\"itemscope\" itemtype=\"https:\/\/schema.org\/CreativeWork\" ><div class='avia_textblock'  itemprop=\"text\" ><div>For over 87 years, &#8220;Kitamura Machinery&#8221; has been engineering and manufacturing innovative, high-precision machining centers worldwide to meet the most demanding requirements of international manufacturers. Thanks to its many years of hands-on experience in the field of multi-spindle machining centers and the optimal use of innovations for your production, &#8220;Kitamura Machinery&#8221; offers a range of horizontal, vertical, and 5-axis machining centers.<\/div>\n<div><\/div>\n<div>These reliable machining centers provide our customers with the competitive advantages they need\u2014maximum productivity, reduced scrap, long service life of the technology during demanding operations, and minimal tool change times. The company philosophy\u2014&#8221;Creativity without limits&#8221;\u2014guides our scientific research, development, and continuous improvement of high-precision machining centers and inspires creative new developments. With our reliable technologies and production facilities, we enable customers to succeed in the global market.  <\/div>\n<div><\/div>\n<div><\/div>\n<div>As a family-owned company with a long-standing history and family management, &#8220;Kitamura Machinery&#8221; thinks in generations. Qualified services related to the machines and situation-specific support for customers in the USA and worldwide are top priorities for &#8220;Kitamura Machinery&#8221;. We support and advise our customers throughout the entire process and stand behind quality, productivity, and pricing with our name.  <\/div>\n<div><\/div>\n<div>Founded in 1933, &#8220;Kitamura&#8221; has a wide range of competencies, but makes an important contribution to scientific research and development in the field of manufacturing high-precision machining centers and generates new products and services that ensure productivity growth. In the machining center sector, &#8220;Kitamura&#8221; holds more than 200 patents and patent applications. <\/div>\n<div><\/div>\n<div><\/div>\n<div>The company philosophy\u2014&#8221;Creativity without limits&#8221;\u2014guides our scientific research, development, and continuous improvement of high-precision machining centers and inspires creative new developments. With our reliable technologies and production facilities, we enable customers to succeed in the global market. <\/div>\n<div><\/div>\n<div><\/div>\n<\/div><\/section><br \/>\n<div  class='avia-button-wrap av-k5pbc2i9-005e5145fa20a1b465aa4428d60f1564-wrap avia-button-left  avia-builder-el-11  el_after_av_textblock  avia-builder-el-last '>\n<style type=\"text\/css\" data-created_by=\"avia_inline_auto\" id=\"style-css-av-k5pbc2i9-005e5145fa20a1b465aa4428d60f1564\">\n#top #wrap_all .avia-button.av-k5pbc2i9-005e5145fa20a1b465aa4428d60f1564{\nbackground-color:#e30615;\nborder-color:#e30615;\ncolor:#ffffff;\ntransition:all 0.4s ease-in-out;\n}\n#top #wrap_all .avia-button.av-k5pbc2i9-005e5145fa20a1b465aa4428d60f1564 .avia-svg-icon svg:first-child{\nfill:#ffffff;\nstroke:#ffffff;\n}\n<\/style>\n<a href='https:\/\/www.axon-mcs.de\/kontakt\/'  class='avia-button av-k5pbc2i9-005e5145fa20a1b465aa4428d60f1564 av-link-btn avia-icon_select-yes-left-icon avia-size-medium avia-position-left'  target=\"_blank\"  rel=\"noopener noreferrer\"  aria-label=\"Contact us now\"><span class='avia_button_icon avia_button_icon_left avia-iconfont avia-font-entypo-fontello' data-av_icon='\ue805' data-av_iconfont='entypo-fontello' ><\/span><span class='avia_iconbox_title' >Contact us now<\/span><\/a><\/div><\/p><\/div>\n","protected":false},"excerpt":{"rendered":"","protected":false},"author":5,"featured_media":0,"parent":4401,"menu_order":1,"comment_status":"closed","ping_status":"closed","template":"","meta":{"footnotes":""},"class_list":["post-4405","page","type-page","status-publish","hentry"],"aioseo_notices":[],"_links":{"self":[{"href":"https:\/\/www.axon-mcs.de\/en\/wp-json\/wp\/v2\/pages\/4405","targetHints":{"allow":["GET"]}}],"collection":[{"href":"https:\/\/www.axon-mcs.de\/en\/wp-json\/wp\/v2\/pages"}],"about":[{"href":"https:\/\/www.axon-mcs.de\/en\/wp-json\/wp\/v2\/types\/page"}],"author":[{"embeddable":true,"href":"https:\/\/www.axon-mcs.de\/en\/wp-json\/wp\/v2\/users\/5"}],"replies":[{"embeddable":true,"href":"https:\/\/www.axon-mcs.de\/en\/wp-json\/wp\/v2\/comments?post=4405"}],"version-history":[{"count":3,"href":"https:\/\/www.axon-mcs.de\/en\/wp-json\/wp\/v2\/pages\/4405\/revisions"}],"predecessor-version":[{"id":4409,"href":"https:\/\/www.axon-mcs.de\/en\/wp-json\/wp\/v2\/pages\/4405\/revisions\/4409"}],"up":[{"embeddable":true,"href":"https:\/\/www.axon-mcs.de\/en\/wp-json\/wp\/v2\/pages\/4401"}],"wp:attachment":[{"href":"https:\/\/www.axon-mcs.de\/en\/wp-json\/wp\/v2\/media?parent=4405"}],"curies":[{"name":"wp","href":"https:\/\/api.w.org\/{rel}","templated":true}]}}