{"id":4512,"date":"2025-06-24T08:42:45","date_gmt":"2025-06-24T06:42:45","guid":{"rendered":"https:\/\/www.axon-mcs.de\/barrierefreiheitserklaerung\/"},"modified":"2026-03-26T10:53:07","modified_gmt":"2026-03-26T09:53:07","slug":"accessibility-statement","status":"publish","type":"page","link":"https:\/\/www.axon-mcs.de\/en\/accessibility-statement\/","title":{"rendered":"Accessibility Statement"},"content":{"rendered":"<section  class='av_textblock_section av-36zj11-5ce004ca826954e6630ed16e23e57fec '   itemscope=\"itemscope\" itemtype=\"https:\/\/schema.org\/CreativeWork\" ><div class='avia_textblock'  itemprop=\"text\" ><h1>Accessibility Statement<\/h1>\n<p>Axon Services GmbH is committed to ensuring digital accessibility for people with disabilities. We continually improve usability for everyone and apply the relevant accessibility standards (WCAG 2.2, BITV, and EN 301 549). This digital-accessibility statement applies to the Axon Services GmbH website published at https:\/\/www.axon-mcs.de.<\/p>\n<h2>Status of Conformity with the Requirements<\/h2>\n<p>The website is currently only partially compliant with the technical requirements of the Web Content Accessibility Guidelines (WCAG 2.2) and the German Accessible Information Technology Ordinance (BITV 2.0).<\/p>\n<h2>Non-Accessible Content<\/h2>\n<p>The content listed below is not accessible for the following reasons:<\/p>\n<ul>\n<li>PDF not accessible (searchable). | WCAG 1.3.1<\/li>\n<li>Some images lack alternative text. | WCAG 1.1.1 (post-editing by Q1 2026)<\/li>\n<\/ul>\n<h2>Alternatives &amp; Assistance<\/h2>\n<p>For content that is currently not accessible, we offer the following alternatives:<\/p>\n<ul>\n<li>Contact us by e-mail or phone (see below) to receive information in an accessible format<\/li>\n<li>On-site personal consultation by appointment<\/li>\n<\/ul>\n<h2>Feedback and Contact Options<\/h2>\n<p>Do you have a comment or a note about barriers on this website? Please contact us. We will explain which barriers exist and inform you about any exemptions we have made. We will respond as quickly as possible, but no later than within the statutory period of six weeks. Thank you for your feedback. You can reach us at:<\/p>\n<p>E\u2011Mail: info@axon-mcs.de<br \/>\nPhone: +49 (0) 7181 9927 0<br \/>\nAddress: Axon Services GmbH, Wangener Stra\u00dfe, 96 73614 Schorndorf<\/p>\n<h2>Enforcement Procedure<\/h2>\n<p>If your contact with us is not successful, you may refer the matter to the conciliation body under \u00a7 16 BGG:<\/p>\n<p><strong>BGG Conciliation Body<\/strong><br \/>\nc\/o German Disability Council<br \/>\nPotsdamer Platz 10<br \/>\n10785 Berlin<br \/>\nPhone:\u00a0<a href=\"tel:+4930185272805\">+49 30 18 527-2805<\/a><br \/>\nE-mail:\u00a0<a href=\"mailto:info@schlichtungsstelle-bgg.de\">info@schlichtungsstelle-bgg.de<\/a><br \/>\nWebsite:\u00a0<a href=\"https:\/\/www.schlichtungsstelle-bgg.de\/\" target=\"_blank\" rel=\"noopener\">https:\/\/www.schlichtungsstelle-bgg.de<\/a><\/p>\n<p>The conciliation body offers an out-of-court procedure that is free of charge.<\/p>\n<h2>Planned Improvement Measures<\/h2>\n<ul>\n<li>Website optimisation to WCAG 2.2-AA conformity planned by Q1 2026<\/li>\n<li>Regular annual accessibility audits scheduled<\/li>\n<\/ul>\n<h2>Creation of this Statement<\/h2>\n<p>This accessibility statement was published on 24 June 2025.<\/p>\n<p>Assessment method:<\/p>\n<ul>\n<li>Self-evaluation using the BFSG self-test and WAVE Web Accessibility Evaluation Tools<\/li>\n<\/ul>\n<p>The statement\/accessibility was last reviewed on 24 June 2025.<\/p>\n<\/div><\/section>\n","protected":false},"excerpt":{"rendered":"<p>Die Axon Services GmbH setzt sich daf\u00fcr ein, die digitale Barrierefreiheit f\u00fcr Menschen mit Behinderungen zu gew\u00e4hrleisten. <\/p>\n","protected":false},"author":2,"featured_media":0,"parent":0,"menu_order":0,"comment_status":"closed","ping_status":"closed","template":"","meta":{"footnotes":""},"class_list":["post-4512","page","type-page","status-publish","hentry"],"aioseo_notices":[],"_links":{"self":[{"href":"https:\/\/www.axon-mcs.de\/en\/wp-json\/wp\/v2\/pages\/4512","targetHints":{"allow":["GET"]}}],"collection":[{"href":"https:\/\/www.axon-mcs.de\/en\/wp-json\/wp\/v2\/pages"}],"about":[{"href":"https:\/\/www.axon-mcs.de\/en\/wp-json\/wp\/v2\/types\/page"}],"author":[{"embeddable":true,"href":"https:\/\/www.axon-mcs.de\/en\/wp-json\/wp\/v2\/users\/2"}],"replies":[{"embeddable":true,"href":"https:\/\/www.axon-mcs.de\/en\/wp-json\/wp\/v2\/comments?post=4512"}],"version-history":[{"count":3,"href":"https:\/\/www.axon-mcs.de\/en\/wp-json\/wp\/v2\/pages\/4512\/revisions"}],"predecessor-version":[{"id":4514,"href":"https:\/\/www.axon-mcs.de\/en\/wp-json\/wp\/v2\/pages\/4512\/revisions\/4514"}],"wp:attachment":[{"href":"https:\/\/www.axon-mcs.de\/en\/wp-json\/wp\/v2\/media?parent=4512"}],"curies":[{"name":"wp","href":"https:\/\/api.w.org\/{rel}","templated":true}]}}